{"id":501,"date":"2025-11-15T21:03:02","date_gmt":"2025-11-15T21:03:02","guid":{"rendered":"https:\/\/family-office-advisory.com\/accueil\/"},"modified":"2025-11-16T22:17:00","modified_gmt":"2025-11-16T22:17:00","slug":"accueil","status":"publish","type":"page","link":"https:\/\/family-office-advisory.com\/fr\/","title":{"rendered":"Accueil"},"content":{"rendered":"\t\t<div data-elementor-type=\"wp-page\" data-elementor-id=\"501\" class=\"elementor elementor-501 elementor-314\" data-elementor-post-type=\"page\">\n\t\t\t\t<div class=\"elementor-element elementor-element-34813ac e-flex e-con-boxed e-con e-parent\" data-id=\"34813ac\" data-element_type=\"container\" data-e-type=\"container\">\n\t\t\t\t\t<div class=\"e-con-inner\">\n\t\t\t\t<div class=\"elementor-element elementor-element-87e6d0b elementor-grid-3 elementor-grid-tablet-2 elementor-grid-mobile-1 elementor-widget elementor-widget-betterdocs-category-grid\" data-id=\"87e6d0b\" data-element_type=\"widget\" data-e-type=\"widget\" data-settings=\"{&quot;grid_column&quot;:&quot;3&quot;,&quot;grid_column_tablet&quot;:&quot;2&quot;,&quot;grid_column_mobile&quot;:&quot;1&quot;}\" data-widget_type=\"betterdocs-category-grid.default\">\n\t\t\t\t\t\n<div\n\tid=\"el-betterdocs-cat-grid-87e6d0b\" class=\"betterdocs-category-grid-wrapper betterdocs-elementor\">\n\t<div\n\t\tclass=\"betterdocs-category-grid-inner-wrapper betterdocs-category-grid grid layout-flex\" data-layout-mode=\"grid\" data-column_space_desktop=\"\" data-column_space_tab=\"\" data-column_space_mobile=\"\" data-column=\"3\" data-column_desktop=\"3\" data-column_tab=\"2\" data-column_mobile=\"1\">\n\t\t\n<article\n\tdata-id=\"69\" class=\"betterdocs-single-category-wrapper category-grid default\">\n\t<div class=\"betterdocs-single-category-inner\">\n\t\t\n<div class=\"betterdocs-category-header\">\n\t<div class=\"betterdocs-category-header-inner\">\n\t\t\n<div class=\"betterdocs-category-icon\">\n\t<img decoding=\"async\" alt=\"betterdocs-category-icon\" class=\"betterdocs-category-icon-img\" src=\"https:\/\/family-office-advisory.com\/wp-content\/plugins\/betterdocs\/assets\/admin\/images\/betterdocs-cat-icon.svg?v=4.3.11\" \/><\/div>\n<h2 class=\"betterdocs-category-title\">Gestion des investissements<\/h2>\n<div data-count=\"4\" class=\"betterdocs-category-items-counts\">\n\t<span>\n\t\t 4 \t<\/span>\n<\/div>\n\t<\/div>\n<\/div>\n<div class=\"betterdocs-body\">\n<ul class=\"betterdocs-articles-list\">\n\t<li><i class=\"far fa-file-alt\"><\/i><a href=\"https:\/\/family-office-advisory.com\/fr\/wiki\/gestion-des-liquidites-et-tresorerie\/\"><span>Gestion des liquidit\u00e9s et tr\u00e9sorerie<\/span> <\/a><\/li><li><i class=\"far fa-file-alt\"><\/i><a href=\"https:\/\/family-office-advisory.com\/fr\/wiki\/cadres-dimpact-et-esg\/\"><span>Cadres d&rsquo;impact et ESG<\/span> <\/a><\/li><li><i class=\"far fa-file-alt\"><\/i><a href=\"https:\/\/family-office-advisory.com\/fr\/wiki\/selection-et-suivi-des-gestionnaires-dinvestissement\/\"><span>S\u00e9lection et suivi des gestionnaires d&rsquo;investissement<\/span> <\/a><\/li><li><i class=\"far fa-file-alt\"><\/i><a href=\"https:\/\/family-office-advisory.com\/fr\/wiki\/rapports-sur-le-patrimoine-et-analyse-des-performances\/\"><span>Rapports sur le patrimoine et analyse des performances<\/span> <\/a><\/li><\/ul>\n<\/div>\t<\/div>\n<\/article>\n\n<article\n\tdata-id=\"66\" class=\"betterdocs-single-category-wrapper category-grid default\">\n\t<div class=\"betterdocs-single-category-inner\">\n\t\t\n<div class=\"betterdocs-category-header\">\n\t<div class=\"betterdocs-category-header-inner\">\n\t\t\n<div class=\"betterdocs-category-icon\">\n\t<img decoding=\"async\" alt=\"betterdocs-category-icon\" class=\"betterdocs-category-icon-img\" src=\"https:\/\/family-office-advisory.com\/wp-content\/plugins\/betterdocs\/assets\/admin\/images\/betterdocs-cat-icon.svg?v=4.3.11\" \/><\/div>\n<h2 class=\"betterdocs-category-title\">Gouvernance et strat\u00e9gie<\/h2>\n<div data-count=\"6\" class=\"betterdocs-category-items-counts\">\n\t<span>\n\t\t 6 \t<\/span>\n<\/div>\n\t<\/div>\n<\/div>\n<div class=\"betterdocs-body\">\n<ul class=\"betterdocs-articles-list\">\n\t<li><i class=\"far fa-file-alt\"><\/i><a href=\"https:\/\/family-office-advisory.com\/fr\/wiki\/protocoles-de-communication-avec-la-famille\/\"><span>Protocoles de communication avec la famille<\/span> <\/a><\/li><li><i class=\"far fa-file-alt\"><\/i><a href=\"https:\/\/family-office-advisory.com\/fr\/wiki\/cadre-de-gestion-des-crises\/\"><span>Cadre de gestion des crises<\/span> <\/a><\/li><li><i class=\"far fa-file-alt\"><\/i><a href=\"https:\/\/family-office-advisory.com\/fr\/wiki\/structure-du-conseil-de-famille-et-de-lassemblee-familiale\/\"><span>Structure du conseil de famille et de l&rsquo;assembl\u00e9e familiale<\/span> <\/a><\/li><li><i class=\"far fa-file-alt\"><\/i><a href=\"https:\/\/family-office-advisory.com\/fr\/wiki\/roles-et-responsabilites-au-sein-du-family-office\/\"><span>R\u00f4les et responsabilit\u00e9s au sein du Family Office<\/span> <\/a><\/li><li><i class=\"far fa-file-alt\"><\/i><a href=\"https:\/\/family-office-advisory.com\/fr\/wiki\/gestion-des-risques-et-rapports\/\"><span>Gestion des risques et rapports<\/span> <\/a><\/li><li><i class=\"far fa-file-alt\"><\/i><a href=\"https:\/\/family-office-advisory.com\/fr\/wiki\/gestion-des-fournisseurs-et-strategie-dexternalisation\/\"><span>Gestion des fournisseurs et strat\u00e9gie d&rsquo;externalisation<\/span> <\/a><\/li><\/ul>\n<\/div>\t<\/div>\n<\/article>\n\n<article\n\tdata-id=\"63\" class=\"betterdocs-single-category-wrapper category-grid default\">\n\t<div class=\"betterdocs-single-category-inner\">\n\t\t\n<div class=\"betterdocs-category-header\">\n\t<div class=\"betterdocs-category-header-inner\">\n\t\t\n<div class=\"betterdocs-category-icon\">\n\t<img decoding=\"async\" alt=\"betterdocs-category-icon\" class=\"betterdocs-category-icon-img\" src=\"https:\/\/family-office-advisory.com\/wp-content\/plugins\/betterdocs\/assets\/admin\/images\/betterdocs-cat-icon.svg?v=4.3.11\" \/><\/div>\n<h2 class=\"betterdocs-category-title\">Op\u00e9rations et infrastructures<\/h2>\n<div data-count=\"11\" class=\"betterdocs-category-items-counts\">\n\t<span>\n\t\t 11 \t<\/span>\n<\/div>\n\t<\/div>\n<\/div>\n<div class=\"betterdocs-body\">\n<ul class=\"betterdocs-articles-list\">\n\t<li><i class=\"far fa-file-alt\"><\/i><a href=\"https:\/\/family-office-advisory.com\/fr\/wiki\/architecture-technologique-du-family-office\/\"><span>Architecture technologique du Family Office<\/span> <\/a><\/li><li><i class=\"far fa-file-alt\"><\/i><a href=\"https:\/\/family-office-advisory.com\/fr\/wiki\/gouvernance-du-portefeuille-immobilier\/\"><span>Gouvernance du portefeuille immobilier<\/span> <\/a><\/li><li><i class=\"far fa-file-alt\"><\/i><a href=\"https:\/\/family-office-advisory.com\/fr\/wiki\/controles-de-la-cybersecurite-et-de-la-confidentialite-des-donnees-2\/\"><span>Contr\u00f4les de la cybers\u00e9curit\u00e9 et de la confidentialit\u00e9 des donn\u00e9es<\/span> <\/a><\/li><li><i class=\"far fa-file-alt\"><\/i><a href=\"https:\/\/family-office-advisory.com\/fr\/wiki\/gestion-des-fournisseurs-et-strategie-dexternalisation-2\/\"><span>Gestion des fournisseurs et strat\u00e9gie d&rsquo;externalisation<\/span> <\/a><\/li><li><i class=\"far fa-file-alt\"><\/i><a href=\"https:\/\/family-office-advisory.com\/fr\/wiki\/concierge-administration-des-biens-immobiliers-et-du-style-de-vie\/\"><span>Concierge, administration des biens immobiliers et du style de vie<\/span> <\/a><\/li><li><i class=\"far fa-file-alt\"><\/i><a href=\"https:\/\/family-office-advisory.com\/fr\/wiki\/gestion-des-collections-dart\/\"><span>Gestion des collections d&rsquo;art<\/span> <\/a><\/li><\/ul>\n<\/div>\n<div class=\"betterdocs-footer\">\n\t\n<a class=\"docs-cat-link-btn betterdocs-category-link-btn\" href=\"https:\/\/family-office-advisory.com\/fr\/wiki-category\/operations-et-infrastructures\/\">\n\tEn savoir plus<i class=\"fas fa-angle-right\"><\/i><\/a>\n<\/div>\n\t<\/div>\n<\/article>\n\n<article\n\tdata-id=\"67\" class=\"betterdocs-single-category-wrapper category-grid default\">\n\t<div class=\"betterdocs-single-category-inner\">\n\t\t\n<div class=\"betterdocs-category-header\">\n\t<div class=\"betterdocs-category-header-inner\">\n\t\t\n<div class=\"betterdocs-category-icon\">\n\t<img decoding=\"async\" alt=\"betterdocs-category-icon\" class=\"betterdocs-category-icon-img\" src=\"https:\/\/family-office-advisory.com\/wp-content\/plugins\/betterdocs\/assets\/admin\/images\/betterdocs-cat-icon.svg?v=4.3.11\" \/><\/div>\n<h2 class=\"betterdocs-category-title\">Planification patrimoniale et juridique<\/h2>\n<div data-count=\"3\" class=\"betterdocs-category-items-counts\">\n\t<span>\n\t\t 3 \t<\/span>\n<\/div>\n\t<\/div>\n<\/div>\n<div class=\"betterdocs-body\">\n<ul class=\"betterdocs-articles-list\">\n\t<li><i class=\"far fa-file-alt\"><\/i><a href=\"https:\/\/family-office-advisory.com\/fr\/wiki\/coordination-des-successions-des-trusts-et-des-holdings\/\"><span>Coordination des successions, des trusts et des holdings<\/span> <\/a><\/li><li><i class=\"far fa-file-alt\"><\/i><a href=\"https:\/\/family-office-advisory.com\/fr\/wiki\/gouvernance-fiscale-et-coordination-transfrontaliere\/\"><span>Gouvernance fiscale et coordination transfrontali\u00e8re<\/span> <\/a><\/li><li><i class=\"far fa-file-alt\"><\/i><a href=\"https:\/\/family-office-advisory.com\/fr\/wiki\/planification-successorale\/\"><span>Planification successorale<\/span> <\/a><\/li><\/ul>\n<\/div>\t<\/div>\n<\/article>\n\n<article\n\tdata-id=\"71\" class=\"betterdocs-single-category-wrapper category-grid default\">\n\t<div class=\"betterdocs-single-category-inner\">\n\t\t\n<div class=\"betterdocs-category-header\">\n\t<div class=\"betterdocs-category-header-inner\">\n\t\t\n<div class=\"betterdocs-category-icon\">\n\t<img decoding=\"async\" alt=\"betterdocs-category-icon\" class=\"betterdocs-category-icon-img\" src=\"https:\/\/family-office-advisory.com\/wp-content\/plugins\/betterdocs\/assets\/admin\/images\/betterdocs-cat-icon.svg?v=4.3.11\" \/><\/div>\n<h2 class=\"betterdocs-category-title\">Prochaine g\u00e9n\u00e9ration et valeurs<\/h2>\n<div data-count=\"1\" class=\"betterdocs-category-items-counts\">\n\t<span>\n\t\t 1 \t<\/span>\n<\/div>\n\t<\/div>\n<\/div>\n<div class=\"betterdocs-body\">\n<ul class=\"betterdocs-articles-list\">\n\t<li><i class=\"far fa-file-alt\"><\/i><a href=\"https:\/\/family-office-advisory.com\/fr\/wiki\/programmes-deducation-et-de-leadership-de-la-prochaine-generation\/\"><span>Programmes d&rsquo;\u00e9ducation et de leadership de la prochaine g\u00e9n\u00e9ration<\/span> <\/a><\/li><\/ul>\n<\/div>\t<\/div>\n<\/article>\n\t<\/div>\n\t\t<div class=\"clearfix\"><\/div>\n\t<\/div>\n\t\t\t\t<\/div>\n\t\t\t\t\t<\/div>\n\t\t\t\t<\/div>\n\t\t\t\t<\/div>\n\t\t","protected":false},"excerpt":{"rendered":"<p>Foundations of a Family Office 5 Definition of a Family Office History of Family Offices Single Family Office vs Multi-Family [&hellip;]<\/p>\n","protected":false},"author":1,"featured_media":0,"parent":0,"menu_order":0,"comment_status":"closed","ping_status":"closed","template":"","meta":{"site-sidebar-layout":"no-sidebar","site-content-layout":"","ast-site-content-layout":"full-width-container","site-content-style":"default","site-sidebar-style":"default","ast-global-header-display":"","ast-banner-title-visibility":"","ast-main-header-display":"","ast-hfb-above-header-display":"","ast-hfb-below-header-display":"","ast-hfb-mobile-header-display":"","site-post-title":"","ast-breadcrumbs-content":"","ast-featured-img":"disabled","footer-sml-layout":"","theme-transparent-header-meta":"","adv-header-id-meta":"","stick-header-meta":"","header-above-stick-meta":"","header-main-stick-meta":"","header-below-stick-meta":"","astra-migrate-meta-layouts":"default","ast-page-background-enabled":"default","ast-page-background-meta":{"desktop":{"background-color":"var(--ast-global-color-5)","background-image":"","background-repeat":"repeat","background-position":"center center","background-size":"auto","background-attachment":"scroll","background-type":"","background-media":"","overlay-type":"","overlay-color":"","overlay-opacity":"","overlay-gradient":""},"tablet":{"background-color":"","background-image":"","background-repeat":"repeat","background-position":"center center","background-size":"auto","background-attachment":"scroll","background-type":"","background-media":"","overlay-type":"","overlay-color":"","overlay-opacity":"","overlay-gradient":""},"mobile":{"background-color":"","background-image":"","background-repeat":"repeat","background-position":"center center","background-size":"auto","background-attachment":"scroll","background-type":"","background-media":"","overlay-type":"","overlay-color":"","overlay-opacity":"","overlay-gradient":""}},"ast-content-background-meta":{"desktop":{"background-color":"var(--ast-global-color-4)","background-image":"","background-repeat":"repeat","background-position":"center center","background-size":"auto","background-attachment":"scroll","background-type":"","background-media":"","overlay-type":"","overlay-color":"","overlay-opacity":"","overlay-gradient":""},"tablet":{"background-color":"var(--ast-global-color-4)","background-image":"","background-repeat":"repeat","background-position":"center center","background-size":"auto","background-attachment":"scroll","background-type":"","background-media":"","overlay-type":"","overlay-color":"","overlay-opacity":"","overlay-gradient":""},"mobile":{"background-color":"var(--ast-global-color-4)","background-image":"","background-repeat":"repeat","background-position":"center center","background-size":"auto","background-attachment":"scroll","background-type":"","background-media":"","overlay-type":"","overlay-color":"","overlay-opacity":"","overlay-gradient":""}},"footnotes":""},"class_list":["post-501","page","type-page","status-publish","hentry"],"yoast_head":"<!-- This site is optimized with the Yoast SEO Premium plugin v26.3 (Yoast SEO v27.4) - https:\/\/yoast.com\/product\/yoast-seo-premium-wordpress\/ -->\n<title>Accueil - Family Office Advisory<\/title>\n<meta name=\"robots\" content=\"index, follow, max-snippet:-1, max-image-preview:large, max-video-preview:-1\" \/>\n<link rel=\"canonical\" href=\"https:\/\/family-office-advisory.com\/fr\/\" \/>\n<meta property=\"og:locale\" content=\"fr_FR\" \/>\n<meta property=\"og:type\" content=\"article\" \/>\n<meta property=\"og:title\" content=\"Accueil\" \/>\n<meta property=\"og:description\" content=\"Foundations of a Family Office 5 Definition of a Family Office History of Family Offices Single Family Office vs Multi-Family [&hellip;]\" \/>\n<meta property=\"og:url\" content=\"https:\/\/family-office-advisory.com\/fr\/\" \/>\n<meta property=\"og:site_name\" content=\"Family Office Advisory\" \/>\n<meta property=\"article:modified_time\" content=\"2025-11-16T22:17:00+00:00\" \/>\n<meta property=\"og:image\" content=\"https:\/\/family-office-advisory.com\/wp-content\/plugins\/betterdocs\/assets\/admin\/images\/betterdocs-cat-icon.svg?v=4.2.2\" \/>\n<meta name=\"twitter:card\" content=\"summary_large_image\" \/>\n<meta name=\"twitter:label1\" content=\"Dur\u00e9e de lecture estim\u00e9e\" \/>\n\t<meta name=\"twitter:data1\" content=\"1 minute\" \/>\n<script type=\"application\/ld+json\" class=\"yoast-schema-graph\">{\"@context\":\"https:\\\/\\\/schema.org\",\"@graph\":[{\"@type\":\"WebPage\",\"@id\":\"https:\\\/\\\/family-office-advisory.com\\\/fr\\\/\",\"url\":\"https:\\\/\\\/family-office-advisory.com\\\/fr\\\/\",\"name\":\"Accueil - Family Office Advisory\",\"isPartOf\":{\"@id\":\"https:\\\/\\\/family-office-advisory.com\\\/fr\\\/#website\"},\"primaryImageOfPage\":{\"@id\":\"https:\\\/\\\/family-office-advisory.com\\\/fr\\\/#primaryimage\"},\"image\":{\"@id\":\"https:\\\/\\\/family-office-advisory.com\\\/fr\\\/#primaryimage\"},\"thumbnailUrl\":\"https:\\\/\\\/family-office-advisory.com\\\/wp-content\\\/plugins\\\/betterdocs\\\/assets\\\/admin\\\/images\\\/betterdocs-cat-icon.svg?v=4.2.2\",\"datePublished\":\"2025-11-15T21:03:02+00:00\",\"dateModified\":\"2025-11-16T22:17:00+00:00\",\"breadcrumb\":{\"@id\":\"https:\\\/\\\/family-office-advisory.com\\\/fr\\\/#breadcrumb\"},\"inLanguage\":\"fr-FR\",\"potentialAction\":[{\"@type\":\"ReadAction\",\"target\":[\"https:\\\/\\\/family-office-advisory.com\\\/fr\\\/\"]}]},{\"@type\":\"ImageObject\",\"inLanguage\":\"fr-FR\",\"@id\":\"https:\\\/\\\/family-office-advisory.com\\\/fr\\\/#primaryimage\",\"url\":\"https:\\\/\\\/family-office-advisory.com\\\/wp-content\\\/plugins\\\/betterdocs\\\/assets\\\/admin\\\/images\\\/betterdocs-cat-icon.svg?v=4.2.2\",\"contentUrl\":\"https:\\\/\\\/family-office-advisory.com\\\/wp-content\\\/plugins\\\/betterdocs\\\/assets\\\/admin\\\/images\\\/betterdocs-cat-icon.svg?v=4.2.2\"},{\"@type\":\"BreadcrumbList\",\"@id\":\"https:\\\/\\\/family-office-advisory.com\\\/fr\\\/#breadcrumb\",\"itemListElement\":[{\"@type\":\"ListItem\",\"position\":1,\"name\":\"Home\",\"item\":\"https:\\\/\\\/family-office-advisory.com\\\/fr\\\/accueil\\\/\"},{\"@type\":\"ListItem\",\"position\":2,\"name\":\"Accueil\"}]},{\"@type\":\"WebSite\",\"@id\":\"https:\\\/\\\/family-office-advisory.com\\\/fr\\\/#website\",\"url\":\"https:\\\/\\\/family-office-advisory.com\\\/fr\\\/\",\"name\":\"Family Office Advisory\",\"description\":\"\",\"potentialAction\":[{\"@type\":\"SearchAction\",\"target\":{\"@type\":\"EntryPoint\",\"urlTemplate\":\"https:\\\/\\\/family-office-advisory.com\\\/fr\\\/?s={search_term_string}\"},\"query-input\":{\"@type\":\"PropertyValueSpecification\",\"valueRequired\":true,\"valueName\":\"search_term_string\"}}],\"inLanguage\":\"fr-FR\"}]}<\/script>\n<!-- \/ Yoast SEO Premium plugin. -->","yoast_head_json":{"title":"Accueil - Family Office Advisory","robots":{"index":"index","follow":"follow","max-snippet":"max-snippet:-1","max-image-preview":"max-image-preview:large","max-video-preview":"max-video-preview:-1"},"canonical":"https:\/\/family-office-advisory.com\/fr\/","og_locale":"fr_FR","og_type":"article","og_title":"Accueil","og_description":"Foundations of a Family Office 5 Definition of a Family Office History of Family Offices Single Family Office vs Multi-Family [&hellip;]","og_url":"https:\/\/family-office-advisory.com\/fr\/","og_site_name":"Family Office Advisory","article_modified_time":"2025-11-16T22:17:00+00:00","og_image":[{"url":"https:\/\/family-office-advisory.com\/wp-content\/plugins\/betterdocs\/assets\/admin\/images\/betterdocs-cat-icon.svg?v=4.2.2","type":"","width":"","height":""}],"twitter_card":"summary_large_image","twitter_misc":{"Dur\u00e9e de lecture estim\u00e9e":"1 minute"},"schema":{"@context":"https:\/\/schema.org","@graph":[{"@type":"WebPage","@id":"https:\/\/family-office-advisory.com\/fr\/","url":"https:\/\/family-office-advisory.com\/fr\/","name":"Accueil - Family Office Advisory","isPartOf":{"@id":"https:\/\/family-office-advisory.com\/fr\/#website"},"primaryImageOfPage":{"@id":"https:\/\/family-office-advisory.com\/fr\/#primaryimage"},"image":{"@id":"https:\/\/family-office-advisory.com\/fr\/#primaryimage"},"thumbnailUrl":"https:\/\/family-office-advisory.com\/wp-content\/plugins\/betterdocs\/assets\/admin\/images\/betterdocs-cat-icon.svg?v=4.2.2","datePublished":"2025-11-15T21:03:02+00:00","dateModified":"2025-11-16T22:17:00+00:00","breadcrumb":{"@id":"https:\/\/family-office-advisory.com\/fr\/#breadcrumb"},"inLanguage":"fr-FR","potentialAction":[{"@type":"ReadAction","target":["https:\/\/family-office-advisory.com\/fr\/"]}]},{"@type":"ImageObject","inLanguage":"fr-FR","@id":"https:\/\/family-office-advisory.com\/fr\/#primaryimage","url":"https:\/\/family-office-advisory.com\/wp-content\/plugins\/betterdocs\/assets\/admin\/images\/betterdocs-cat-icon.svg?v=4.2.2","contentUrl":"https:\/\/family-office-advisory.com\/wp-content\/plugins\/betterdocs\/assets\/admin\/images\/betterdocs-cat-icon.svg?v=4.2.2"},{"@type":"BreadcrumbList","@id":"https:\/\/family-office-advisory.com\/fr\/#breadcrumb","itemListElement":[{"@type":"ListItem","position":1,"name":"Home","item":"https:\/\/family-office-advisory.com\/fr\/accueil\/"},{"@type":"ListItem","position":2,"name":"Accueil"}]},{"@type":"WebSite","@id":"https:\/\/family-office-advisory.com\/fr\/#website","url":"https:\/\/family-office-advisory.com\/fr\/","name":"Family Office Advisory","description":"","potentialAction":[{"@type":"SearchAction","target":{"@type":"EntryPoint","urlTemplate":"https:\/\/family-office-advisory.com\/fr\/?s={search_term_string}"},"query-input":{"@type":"PropertyValueSpecification","valueRequired":true,"valueName":"search_term_string"}}],"inLanguage":"fr-FR"}]}},"_links":{"self":[{"href":"https:\/\/family-office-advisory.com\/fr\/wp-json\/wp\/v2\/pages\/501","targetHints":{"allow":["GET"]}}],"collection":[{"href":"https:\/\/family-office-advisory.com\/fr\/wp-json\/wp\/v2\/pages"}],"about":[{"href":"https:\/\/family-office-advisory.com\/fr\/wp-json\/wp\/v2\/types\/page"}],"author":[{"embeddable":true,"href":"https:\/\/family-office-advisory.com\/fr\/wp-json\/wp\/v2\/users\/1"}],"replies":[{"embeddable":true,"href":"https:\/\/family-office-advisory.com\/fr\/wp-json\/wp\/v2\/comments?post=501"}],"version-history":[{"count":3,"href":"https:\/\/family-office-advisory.com\/fr\/wp-json\/wp\/v2\/pages\/501\/revisions"}],"predecessor-version":[{"id":508,"href":"https:\/\/family-office-advisory.com\/fr\/wp-json\/wp\/v2\/pages\/501\/revisions\/508"}],"wp:attachment":[{"href":"https:\/\/family-office-advisory.com\/fr\/wp-json\/wp\/v2\/media?parent=501"}],"curies":[{"name":"wp","href":"https:\/\/api.w.org\/{rel}","templated":true}]}}